{"id":6095,"date":"2025-03-20T19:53:44","date_gmt":"2025-03-20T19:53:44","guid":{"rendered":"https:\/\/www.keybps.net\/entreprise"},"modified":"2025-03-20T21:24:55","modified_gmt":"2025-03-20T21:24:55","slug":"entreprise","status":"publish","type":"page","link":"https:\/\/www.keybps.net\/fr\/entreprise","title":{"rendered":"Entreprise"},"content":{"rendered":"<p><div class=\"fusion-fullwidth fullwidth-box fusion-builder-row-1 fusion-flex-container has-pattern-background has-mask-background nonhundred-percent-fullwidth non-hundred-percent-height-scrolling\" style=\"--awb-border-radius-top-left:0px;--awb-border-radius-top-right:0px;--awb-border-radius-bottom-right:0px;--awb-border-radius-bottom-left:0px;--awb-flex-wrap:wrap;\" ><div class=\"fusion-builder-row fusion-row fusion-flex-align-items-flex-start fusion-flex-content-wrap\" style=\"max-width:1144px;margin-left: calc(-4% \/ 2 );margin-right: calc(-4% \/ 2 );\"><div class=\"fusion-layout-column fusion_builder_column fusion-builder-column-0 fusion_builder_column_1_1 1_1 fusion-flex-column\" style=\"--awb-bg-size:cover;--awb-width-large:100%;--awb-margin-top-large:0px;--awb-spacing-right-large:1.92%;--awb-margin-bottom-large:20px;--awb-spacing-left-large:1.92%;--awb-width-medium:100%;--awb-order-medium:0;--awb-spacing-right-medium:1.92%;--awb-spacing-left-medium:1.92%;--awb-width-small:100%;--awb-order-small:0;--awb-spacing-right-small:1.92%;--awb-spacing-left-small:1.92%;\"><div class=\"fusion-column-wrapper fusion-column-has-shadow fusion-flex-justify-content-flex-start fusion-content-layout-column\"><div class=\"fusion-text fusion-text-1\" style=\"--awb-content-alignment:center;--awb-font-size:42px;--awb-text-font-family:-apple-system, BlinkMacSystemFont, &#039;Segoe UI&#039;, Roboto, Oxygen-Sans, Ubuntu, Cantarell, &#039;Helvetica Neue&#039; ,sans-serif;--awb-text-font-style:normal;--awb-text-font-weight:400;\"><p style=\"text-align: center;\">ENTREPRISE<\/p>\n<\/div><div class=\"fusion-text fusion-text-2\" style=\"--awb-font-size:18px;--awb-text-font-family:-apple-system, BlinkMacSystemFont, &#039;Segoe UI&#039;, Roboto, Oxygen-Sans, Ubuntu, Cantarell, &#039;Helvetica Neue&#039; ,sans-serif;--awb-text-font-style:normal;--awb-text-font-weight:400;\"><p>Chez <b>key Software<\/b>, nous avons cr\u00e9\u00e9 un portefeuille de solutions pour transformer la fa\u00e7on de faire les choses dans les PME et les entreprises. C&rsquo;est pourquoi nous combinons l&rsquo;innovation, l&rsquo;intelligence et notre connaissance approfondie de l&rsquo;industrie avec les technologies de notre \u00e9cosyst\u00e8me de partenaires, fournissant des outils \u00e9volutifs, accessibles et personnalisables pour vous aider \u00e0 r\u00e9inventer votre entreprise en une entreprise intelligente, garantissant le meilleur rapport <b>co\u00fbt-b\u00e9n\u00e9fice<\/b> pour votre entreprise.<\/p>\n<\/div><\/div><\/div><\/div><\/div><div class=\"fusion-fullwidth fullwidth-box fusion-builder-row-2 fusion-flex-container has-pattern-background has-mask-background nonhundred-percent-fullwidth non-hundred-percent-height-scrolling\" style=\"--awb-border-radius-top-left:0px;--awb-border-radius-top-right:0px;--awb-border-radius-bottom-right:0px;--awb-border-radius-bottom-left:0px;--awb-flex-wrap:wrap;\" ><div class=\"fusion-builder-row fusion-row fusion-flex-align-items-flex-start fusion-flex-content-wrap\" style=\"max-width:1144px;margin-left: calc(-4% \/ 2 );margin-right: calc(-4% \/ 2 );\"><div class=\"fusion-layout-column fusion_builder_column fusion-builder-column-1 fusion_builder_column_1_1 1_1 fusion-flex-column\" style=\"--awb-bg-size:cover;--awb-width-large:100%;--awb-margin-top-large:0px;--awb-spacing-right-large:1.92%;--awb-margin-bottom-large:20px;--awb-spacing-left-large:1.92%;--awb-width-medium:100%;--awb-order-medium:0;--awb-spacing-right-medium:1.92%;--awb-spacing-left-medium:1.92%;--awb-width-small:100%;--awb-order-small:0;--awb-spacing-right-small:1.92%;--awb-spacing-left-small:1.92%;\"><div class=\"fusion-column-wrapper fusion-column-has-shadow fusion-flex-justify-content-flex-start fusion-content-layout-column\"><div class=\"fusion-image-carousel fusion-image-carousel-auto fusion-image-carousel-1\"><div class=\"awb-carousel awb-swiper awb-swiper-carousel awb-carousel--carousel awb-swiper-dots-position-bottom\" data-layout=\"carousel\" data-autoplay=\"no\" data-autoplayspeed=\"2500\" data-autoplaypause=\"no\" data-columns=\"4\" data-columnsmedium=\"1\" data-columnssmall=\"1\" data-itemmargin=\"19\" data-itemwidth=\"180\" data-touchscroll=\"no\" data-freemode=\"no\" data-imagesize=\"auto\" data-scrollitems=\"0\" data-centeredslides=\"no\" data-rotationangle=\"50\" data-depth=\"100\" data-speed=\"500\" data-shadow=\"no\" data-pagination=\"bullets\" style=\"--awb-columns:4;--awb-column-spacing:19px;\"><div class=\"swiper-wrapper awb-image-carousel-wrapper fusion-flex-align-items-center\"><div class=\"swiper-slide\"><div class=\"fusion-carousel-item-wrapper\"><div class=\"fusion-image-wrapper hover-type-none\"><img decoding=\"async\" width=\"250\" height=\"300\" src=\"https:\/\/www.keybps.net\/wp-content\/uploads\/2025\/03\/QualitySysCert_ISO9001_col-copy.png\" class=\"attachment-full size-full\" alt=\"\" srcset=\"https:\/\/www.keybps.net\/wp-content\/uploads\/2025\/03\/QualitySysCert_ISO9001_col-copy-200x240.png 200w, https:\/\/www.keybps.net\/wp-content\/uploads\/2025\/03\/QualitySysCert_ISO9001_col-copy.png 250w\" sizes=\"(min-width: 2200px) 100vw, (min-width: 856px) 261px, (min-width: 784px) 348px, (min-width: 712px) 522px, (min-width: 640px) 712px, \" \/><\/div><\/div><\/div><div class=\"swiper-slide\"><div class=\"fusion-carousel-item-wrapper\"><div class=\"fusion-image-wrapper hover-type-none\"><img decoding=\"async\" width=\"250\" height=\"300\" src=\"https:\/\/www.keybps.net\/wp-content\/uploads\/2025\/03\/ISO-2700-1.png\" class=\"attachment-full size-full\" alt=\"\" srcset=\"https:\/\/www.keybps.net\/wp-content\/uploads\/2025\/03\/ISO-2700-1-200x240.png 200w, https:\/\/www.keybps.net\/wp-content\/uploads\/2025\/03\/ISO-2700-1.png 250w\" sizes=\"(min-width: 2200px) 100vw, (min-width: 856px) 261px, (min-width: 784px) 348px, (min-width: 712px) 522px, (min-width: 640px) 712px, \" \/><\/div><\/div><\/div><div class=\"swiper-slide\"><div class=\"fusion-carousel-item-wrapper\"><div class=\"fusion-image-wrapper hover-type-none\"><img decoding=\"async\" width=\"130\" height=\"221\" src=\"https:\/\/www.keybps.net\/wp-content\/uploads\/2025\/03\/GPTW-2.png\" class=\"attachment-full size-full\" alt=\"\" \/><\/div><\/div><\/div><div class=\"swiper-slide\"><div class=\"fusion-carousel-item-wrapper\"><div class=\"fusion-image-wrapper hover-type-none\"><img decoding=\"async\" width=\"250\" height=\"300\" src=\"https:\/\/www.keybps.net\/wp-content\/uploads\/2025\/03\/ESR.png\" class=\"attachment-full size-full\" alt=\"\" srcset=\"https:\/\/www.keybps.net\/wp-content\/uploads\/2025\/03\/ESR-200x240.png 200w, https:\/\/www.keybps.net\/wp-content\/uploads\/2025\/03\/ESR.png 250w\" sizes=\"(min-width: 2200px) 100vw, (min-width: 856px) 261px, (min-width: 784px) 348px, (min-width: 712px) 522px, (min-width: 640px) 712px, \" \/><\/div><\/div><\/div><\/div><\/div><\/div><div class=\"fusion-text fusion-text-3\" style=\"--awb-font-size:18px;--awb-margin-top:-2%;--awb-text-font-family:-apple-system, BlinkMacSystemFont, &#039;Segoe UI&#039;, Roboto, Oxygen-Sans, Ubuntu, Cantarell, &#039;Helvetica Neue&#039; ,sans-serif;--awb-text-font-style:normal;--awb-text-font-weight:400;\"><h1 style=\"text-align: center;\">POLITIQUE DU SYST\u00c8ME DE GESTION INT\u00c9GRALE<\/h1>\n<p>Chez keyBPS, <strong>n<\/strong><b>ous travaillons pour \u00eatre une soci\u00e9t\u00e9 de distribution en gros, innovante d&rsquo;\u00e9quipements de t\u00e9l\u00e9communications, de r\u00e9seaux, de vid\u00e9osurveillance et de d\u00e9veloppement de logiciels.<\/b> Offrir des solutions compl\u00e8tes et des produits d&rsquo;avant-garde, uniques et au meilleur prix \/ performance du march\u00e9, rendant la productivit\u00e9 des entreprises plus efficace, augmentant la <b>satisfaction du client.<\/b><\/p>\n<p>Consciente de la n\u00e9cessit\u00e9 de disposer de syst\u00e8mes normalis\u00e9s de reconnaissance internationale, l&rsquo;organisation a align\u00e9 son syst\u00e8me de gestion sur les normes actuelles ISO 9001 de gestion de la qualit\u00e9 et ISO\/IEC 27001 de gestion de la s\u00e9curit\u00e9 de l&rsquo;information.<\/p>\n<p>Nous consid\u00e9rons que les syst\u00e8mes de gestion de la qualit\u00e9 et de la s\u00e9curit\u00e9 de l&rsquo;information ont pour objectif principal : Planifier, \u00e9tablir, mettre en \u0153uvre, exploiter, surveiller, r\u00e9viser, maintenir et am\u00e9liorer les processus de l&rsquo;organisation pour pr\u00e9server la qualit\u00e9 des services, ainsi que la confidentialit\u00e9, la disponibilit\u00e9 et l&rsquo;int\u00e9grit\u00e9 de l&rsquo;information ; c&rsquo;est pourquoi la Direction s&rsquo;engage \u00e0 diriger et \u00e0 maintenir un syst\u00e8me de gestion int\u00e9gral dans les directives suivantes :<\/p>\n<ol>\n<li>Fournir des <b>services de qualit\u00e9 et s\u00e9curis\u00e9s qui r\u00e9pondent <\/b>et d\u00e9passent les besoins de nos clients et des parties prenantes.<\/li>\n<li>L&rsquo;engagement \u00e0 conna\u00eetre les besoins et les attentes de nos clients et parties prenantes, pour atteindre leur <b>satisfaction gr\u00e2ce \u00e0 l&rsquo;am\u00e9lioration continue<\/b><span class=\"Apple-converted-space\">, <\/span>en \u00e9tablissant et en v\u00e9rifiant le respect des objectifs et des buts annuels.<\/li>\n<li>Conform\u00e9ment \u00e0 la <b>r\u00e9glementation et \u00e0 la l\u00e9gislation<\/b> applicables ainsi qu&rsquo;aus exigences souscrites.<\/li>\n<li>\u00catre une organisation orient\u00e9e vers la<b> gestion par processus et l&rsquo;analyse des risques.<\/b><\/li>\n<li>Mettre en \u0153uvre, dans le cadre de nos processus et politiques, des lignes directrices en mati\u00e8re de <b>responsabilit\u00e9 sociale et d&rsquo;entreprise<\/b> impliquant la participation et le d\u00e9veloppement de tous les membres de l&rsquo;entreprise.<\/li>\n<\/ol>\n<\/div><\/div><\/div><\/div><\/div><\/p>\n","protected":false},"excerpt":{"rendered":"","protected":false},"author":5,"featured_media":0,"parent":0,"menu_order":0,"comment_status":"closed","ping_status":"closed","template":"","meta":{"footnotes":""},"class_list":["post-6095","page","type-page","status-publish","hentry"],"_links":{"self":[{"href":"https:\/\/www.keybps.net\/fr\/wp-json\/wp\/v2\/pages\/6095","targetHints":{"allow":["GET"]}}],"collection":[{"href":"https:\/\/www.keybps.net\/fr\/wp-json\/wp\/v2\/pages"}],"about":[{"href":"https:\/\/www.keybps.net\/fr\/wp-json\/wp\/v2\/types\/page"}],"author":[{"embeddable":true,"href":"https:\/\/www.keybps.net\/fr\/wp-json\/wp\/v2\/users\/5"}],"replies":[{"embeddable":true,"href":"https:\/\/www.keybps.net\/fr\/wp-json\/wp\/v2\/comments?post=6095"}],"version-history":[{"count":3,"href":"https:\/\/www.keybps.net\/fr\/wp-json\/wp\/v2\/pages\/6095\/revisions"}],"predecessor-version":[{"id":6108,"href":"https:\/\/www.keybps.net\/fr\/wp-json\/wp\/v2\/pages\/6095\/revisions\/6108"}],"wp:attachment":[{"href":"https:\/\/www.keybps.net\/fr\/wp-json\/wp\/v2\/media?parent=6095"}],"curies":[{"name":"wp","href":"https:\/\/api.w.org\/{rel}","templated":true}]}}