{"id":4582,"date":"2024-05-28T22:17:53","date_gmt":"2024-05-28T22:17:53","guid":{"rendered":"https:\/\/www.keybps.net\/contact"},"modified":"2024-05-30T15:32:33","modified_gmt":"2024-05-30T15:32:33","slug":"contact","status":"publish","type":"page","link":"https:\/\/www.keybps.net\/fr\/contact","title":{"rendered":"Contact"},"content":{"rendered":"<div class=\"fusion-fullwidth fullwidth-box fusion-builder-row-1 fusion-flex-container has-pattern-background has-mask-background hundred-percent-fullwidth non-hundred-percent-height-scrolling\" style=\"--link_hover_color: #102026;--link_color: #102026;--awb-border-sizes-top:0px;--awb-border-sizes-bottom:0px;--awb-border-sizes-left:0px;--awb-border-sizes-right:0px;--awb-border-color:#d1d1d1;--awb-border-radius-top-left:0px;--awb-border-radius-top-right:0px;--awb-border-radius-bottom-right:0px;--awb-border-radius-bottom-left:0px;--awb-padding-top:0px;--awb-padding-right:0px;--awb-padding-bottom:0px;--awb-padding-left:0px;--awb-margin-top:0px;--awb-margin-bottom:0px;--awb-flex-wrap:wrap;\" ><div class=\"fusion-builder-row fusion-row fusion-flex-align-items-stretch fusion-flex-justify-content-center fusion-flex-content-wrap\" style=\"width:calc( 100% + 0px ) !important;max-width:calc( 100% + 0px ) !important;margin-left: calc(-0px \/ 2 );margin-right: calc(-0px \/ 2 );\"><div class=\"fusion-layout-column fusion_builder_column fusion-builder-column-0 fusion_builder_column_1_2 1_2 fusion-flex-column\" style=\"--awb-bg-size:cover;--awb-width-large:50%;--awb-margin-top-large:0px;--awb-spacing-right-large:calc( 0.04 * calc( 100% - 0 ) );--awb-margin-bottom-large:20px;--awb-spacing-left-large:0px;--awb-width-medium:100%;--awb-order-medium:0;--awb-spacing-right-medium:calc( 0.02 * calc( 100% - 0 ) );--awb-margin-bottom-medium:0px;--awb-spacing-left-medium:calc( 0.02 * calc( 100% - 0 ) );--awb-width-small:100%;--awb-order-small:0;--awb-spacing-right-small:0px;--awb-margin-bottom-small:0px;--awb-spacing-left-small:0px;\"><div class=\"fusion-column-wrapper fusion-column-has-shadow fusion-flex-justify-content-flex-start fusion-content-layout-column\"><div class=\"fusion-image-element \" style=\"--awb-caption-title-font-family:var(--h2_typography-font-family);--awb-caption-title-font-weight:var(--h2_typography-font-weight);--awb-caption-title-font-style:var(--h2_typography-font-style);--awb-caption-title-size:var(--h2_typography-font-size);--awb-caption-title-transform:var(--h2_typography-text-transform);--awb-caption-title-line-height:var(--h2_typography-line-height);--awb-caption-title-letter-spacing:var(--h2_typography-letter-spacing);\"><span class=\" fusion-imageframe imageframe-none imageframe-1 hover-type-none\"><img decoding=\"async\" width=\"800\" height=\"409\" title=\"registro-invitados\" src=\"https:\/\/www.keybps.net\/wp-content\/uploads\/2021\/09\/registro-invitados-800x409.png\" alt class=\"img-responsive wp-image-2679\" srcset=\"https:\/\/www.keybps.net\/wp-content\/uploads\/2021\/09\/registro-invitados-200x102.png 200w, https:\/\/www.keybps.net\/wp-content\/uploads\/2021\/09\/registro-invitados-400x204.png 400w, https:\/\/www.keybps.net\/wp-content\/uploads\/2021\/09\/registro-invitados-600x307.png 600w, https:\/\/www.keybps.net\/wp-content\/uploads\/2021\/09\/registro-invitados-800x409.png 800w, https:\/\/www.keybps.net\/wp-content\/uploads\/2021\/09\/registro-invitados-1200x613.png 1200w, https:\/\/www.keybps.net\/wp-content\/uploads\/2021\/09\/registro-invitados.png 1920w\" sizes=\"(max-width: 1024px) 100vw, (max-width: 640px) 100vw, 600px\" \/><\/span><\/div><\/div><\/div><div class=\"fusion-layout-column fusion_builder_column fusion-builder-column-1 fusion_builder_column_1_2 1_2 fusion-flex-column\" style=\"--awb-padding-top:5%;--awb-padding-right:5%;--awb-padding-bottom:5%;--awb-padding-left:5%;--awb-padding-top-medium:72px;--awb-padding-right-medium:96px;--awb-padding-bottom-medium:0px;--awb-padding-left-medium:96px;--awb-overflow:hidden;--awb-bg-color:#ffffff;--awb-bg-color-hover:#ffffff;--awb-bg-size:cover;--awb-box-shadow:-1px 1px 10px 0px rgba(0,29,84,0.43);;--awb-border-color:#003b72;--awb-border-top:.5px;--awb-border-right:.5px;--awb-border-bottom:.5px;--awb-border-left:.5px;--awb-border-style:solid;--awb-border-radius:4px 4px 4px 4px;--awb-width-large:50%;--awb-margin-top-large:-22%;--awb-spacing-right-large:0px;--awb-margin-bottom-large:20px;--awb-spacing-left-large:calc( 0.04 * calc( 100% - 0 ) );--awb-width-medium:100%;--awb-order-medium:1;--awb-spacing-right-medium:0px;--awb-spacing-left-medium:calc( 0.02 * calc( 100% - 0 ) );--awb-width-small:100%;--awb-order-small:1;--awb-spacing-right-small:0px;--awb-spacing-left-small:calc( 0.02 * calc( 100% - 0 ) );\"><div class=\"fusion-column-wrapper fusion-column-has-shadow fusion-flex-justify-content-flex-start fusion-content-layout-column\"><div class=\"fusion-image-element \" style=\"text-align:center;--awb-margin-top:7%;--awb-margin-bottom:8%;--awb-caption-title-font-family:var(--h2_typography-font-family);--awb-caption-title-font-weight:var(--h2_typography-font-weight);--awb-caption-title-font-style:var(--h2_typography-font-style);--awb-caption-title-size:var(--h2_typography-font-size);--awb-caption-title-transform:var(--h2_typography-text-transform);--awb-caption-title-line-height:var(--h2_typography-line-height);--awb-caption-title-letter-spacing:var(--h2_typography-letter-spacing);\"><span class=\" fusion-imageframe imageframe-none imageframe-2 hover-type-none\"><img decoding=\"async\" width=\"400\" height=\"60\" title=\"logo-azul-V2\" src=\"https:\/\/www.keybps.net\/wp-content\/uploads\/2024\/03\/logo-azul-V2-400x60.png\" alt class=\"img-responsive wp-image-3215\" srcset=\"https:\/\/www.keybps.net\/wp-content\/uploads\/2024\/03\/logo-azul-V2-200x30.png 200w, https:\/\/www.keybps.net\/wp-content\/uploads\/2024\/03\/logo-azul-V2-400x60.png 400w, https:\/\/www.keybps.net\/wp-content\/uploads\/2024\/03\/logo-azul-V2-600x90.png 600w, https:\/\/www.keybps.net\/wp-content\/uploads\/2024\/03\/logo-azul-V2-800x120.png 800w, https:\/\/www.keybps.net\/wp-content\/uploads\/2024\/03\/logo-azul-V2.png 1000w\" sizes=\"(max-width: 1024px) 100vw, (max-width: 640px) 100vw, 600px\" \/><\/span><\/div><div class=\"fusion-text fusion-text-1\" style=\"--awb-font-size:18px;--awb-text-font-family:-apple-system, BlinkMacSystemFont, &#039;Segoe UI&#039;, Roboto, Oxygen-Sans, Ubuntu, Cantarell, &#039;Helvetica Neue&#039; ,sans-serif;--awb-text-font-style:normal;--awb-text-font-weight:400;\"><p>Parlez-nous un peu de vous.<\/p>\n<\/div>\n<div class=\"wpcf7 no-js\" id=\"wpcf7-f4673-o1\" lang=\"en-US\" dir=\"ltr\" data-wpcf7-id=\"4673\">\n<div class=\"screen-reader-response\"><p role=\"status\" aria-live=\"polite\" aria-atomic=\"true\"><\/p> <ul><\/ul><\/div>\n<form action=\"\/fr\/wp-json\/wp\/v2\/pages\/4582#wpcf7-f4673-o1\" method=\"post\" class=\"wpcf7-form init\" aria-label=\"Contact form\" novalidate=\"novalidate\" data-status=\"init\">\n<fieldset class=\"hidden-fields-container\"><input type=\"hidden\" name=\"_wpcf7\" value=\"4673\" \/><input type=\"hidden\" name=\"_wpcf7_version\" value=\"6.1.4\" \/><input type=\"hidden\" name=\"_wpcf7_locale\" value=\"en_US\" \/><input type=\"hidden\" name=\"_wpcf7_unit_tag\" value=\"wpcf7-f4673-o1\" \/><input type=\"hidden\" name=\"_wpcf7_container_post\" value=\"0\" \/><input type=\"hidden\" name=\"_wpcf7_posted_data_hash\" value=\"\" \/><input type=\"hidden\" name=\"_wpcf7_recaptcha_response\" value=\"\" \/>\n<\/fieldset>\n<p><label> Nom*<br \/>\n<span class=\"wpcf7-form-control-wrap\" data-name=\"nombre\"><input size=\"40\" maxlength=\"400\" class=\"wpcf7-form-control wpcf7-text wpcf7-validates-as-required\" aria-required=\"true\" aria-invalid=\"false\" value=\"\" type=\"text\" name=\"nombre\" \/><\/span> <\/label>\n<\/p>\n<p><label> Apellido*<br \/>\n<span class=\"wpcf7-form-control-wrap\" data-name=\"apellido\"><input size=\"40\" maxlength=\"400\" class=\"wpcf7-form-control wpcf7-text wpcf7-validates-as-required\" aria-required=\"true\" aria-invalid=\"false\" value=\"\" type=\"text\" name=\"apellido\" \/><\/span> <\/label>\n<\/p>\n<p><label> Courrier*<br \/>\n<span class=\"wpcf7-form-control-wrap\" data-name=\"your-email\"><input size=\"40\" maxlength=\"400\" class=\"wpcf7-form-control wpcf7-email wpcf7-validates-as-required wpcf7-text wpcf7-validates-as-email\" aria-required=\"true\" aria-invalid=\"false\" value=\"\" type=\"email\" name=\"your-email\" \/><\/span> <\/label>\n<\/p>\n<p>T\u00e9l\u00e9phone*<br \/>\n<span class=\"wpcf7-form-control-wrap\" data-name=\"Telefono\"><input size=\"40\" maxlength=\"400\" class=\"wpcf7-form-control wpcf7-tel wpcf7-validates-as-required wpcf7-text wpcf7-validates-as-tel\" aria-required=\"true\" aria-invalid=\"false\" value=\"\" type=\"tel\" name=\"Telefono\" \/><\/span>\n<\/p>\n<p><label> Soci\u00e9t\u00e9*<br \/>\n<span class=\"wpcf7-form-control-wrap\" data-name=\"empresa\"><input size=\"40\" maxlength=\"400\" class=\"wpcf7-form-control wpcf7-text wpcf7-validates-as-required\" aria-required=\"true\" aria-invalid=\"false\" value=\"\" type=\"text\" name=\"empresa\" \/><\/span> <\/label>\n<\/p>\n<p><label> Commentaire<br \/>\n<span class=\"wpcf7-form-control-wrap\" data-name=\"comentario\"><textarea cols=\"40\" rows=\"10\" maxlength=\"2000\" class=\"wpcf7-form-control wpcf7-textarea wpcf7-validates-as-required\" aria-required=\"true\" aria-invalid=\"false\" name=\"comentario\"><\/textarea><\/span> <\/label>\n<\/p>\n<p><span class=\"wpcf7-form-control-wrap\" data-name=\"Privacidad\"><span class=\"wpcf7-form-control wpcf7-acceptance\"><span class=\"wpcf7-list-item\"><label><input type=\"checkbox\" name=\"Privacidad\" value=\"1\" aria-invalid=\"false\" \/><span class=\"wpcf7-list-item-label\">J'accepte de fournir ces donn\u00e9es conform\u00e9ment \u00e0 la <a href=\"https:\/\/www.keybps.com\/politica-de-privacidad\" target=\"_blank\" rel=\"noopener\">Avis de protection des donn\u00e9es<\/a>.<\/span><\/label><\/span><\/span><\/span>\n<\/p>\n\n<p><input class=\"wpcf7-form-control wpcf7-submit has-spinner\" type=\"submit\" value=\"Envoyer\" \/>\n<\/p><div class=\"fusion-alert alert custom alert-custom fusion-alert-center wpcf7-response-output fusion-alert-capitalize awb-alert-native-link-color alert-dismissable awb-alert-close-boxed\" style=\"--awb-border-size:1px;--awb-border-top-left-radius:0px;--awb-border-top-right-radius:0px;--awb-border-bottom-left-radius:0px;--awb-border-bottom-right-radius:0px;\" role=\"alert\"><div class=\"fusion-alert-content-wrapper\"><span class=\"fusion-alert-content\"><\/span><\/div><button type=\"button\" class=\"close toggle-alert\" data-dismiss=\"alert\" aria-label=\"Close\">&times;<\/button><\/div>\n<\/form>\n<\/div>\n<\/div><\/div><\/div><\/div>\n","protected":false},"excerpt":{"rendered":"","protected":false},"author":1,"featured_media":0,"parent":0,"menu_order":0,"comment_status":"closed","ping_status":"closed","template":"","meta":{"footnotes":""},"class_list":["post-4582","page","type-page","status-publish","hentry"],"_links":{"self":[{"href":"https:\/\/www.keybps.net\/fr\/wp-json\/wp\/v2\/pages\/4582","targetHints":{"allow":["GET"]}}],"collection":[{"href":"https:\/\/www.keybps.net\/fr\/wp-json\/wp\/v2\/pages"}],"about":[{"href":"https:\/\/www.keybps.net\/fr\/wp-json\/wp\/v2\/types\/page"}],"author":[{"embeddable":true,"href":"https:\/\/www.keybps.net\/fr\/wp-json\/wp\/v2\/users\/1"}],"replies":[{"embeddable":true,"href":"https:\/\/www.keybps.net\/fr\/wp-json\/wp\/v2\/comments?post=4582"}],"version-history":[{"count":7,"href":"https:\/\/www.keybps.net\/fr\/wp-json\/wp\/v2\/pages\/4582\/revisions"}],"predecessor-version":[{"id":4680,"href":"https:\/\/www.keybps.net\/fr\/wp-json\/wp\/v2\/pages\/4582\/revisions\/4680"}],"wp:attachment":[{"href":"https:\/\/www.keybps.net\/fr\/wp-json\/wp\/v2\/media?parent=4582"}],"curies":[{"name":"wp","href":"https:\/\/api.w.org\/{rel}","templated":true}]}}