{"id":5688,"date":"2025-02-06T16:01:05","date_gmt":"2025-02-06T16:01:05","guid":{"rendered":"https:\/\/www.keybps.net\/?page_id=5688"},"modified":"2025-03-20T19:25:28","modified_gmt":"2025-03-20T19:25:28","slug":"empresa","status":"publish","type":"page","link":"https:\/\/www.keybps.net\/es\/empresa","title":{"rendered":"Empresa"},"content":{"rendered":"<p><div class=\"fusion-fullwidth fullwidth-box fusion-builder-row-1 fusion-flex-container has-pattern-background has-mask-background nonhundred-percent-fullwidth non-hundred-percent-height-scrolling\" style=\"--awb-border-radius-top-left:0px;--awb-border-radius-top-right:0px;--awb-border-radius-bottom-right:0px;--awb-border-radius-bottom-left:0px;--awb-flex-wrap:wrap;\" ><div class=\"fusion-builder-row fusion-row fusion-flex-align-items-flex-start fusion-flex-content-wrap\" style=\"max-width:1248px;margin-left: calc(-4% \/ 2 );margin-right: calc(-4% \/ 2 );\"><div class=\"fusion-layout-column fusion_builder_column fusion-builder-column-0 fusion_builder_column_1_1 1_1 fusion-flex-column\" style=\"--awb-bg-size:cover;--awb-width-large:100%;--awb-margin-top-large:0px;--awb-spacing-right-large:1.92%;--awb-margin-bottom-large:20px;--awb-spacing-left-large:1.92%;--awb-width-medium:100%;--awb-order-medium:0;--awb-spacing-right-medium:1.92%;--awb-spacing-left-medium:1.92%;--awb-width-small:100%;--awb-order-small:0;--awb-spacing-right-small:1.92%;--awb-spacing-left-small:1.92%;\"><div class=\"fusion-column-wrapper fusion-column-has-shadow fusion-flex-justify-content-flex-start fusion-content-layout-column\"><div class=\"fusion-text fusion-text-1\" style=\"--awb-content-alignment:center;--awb-font-size:42px;--awb-text-font-family:-apple-system, BlinkMacSystemFont, &#039;Segoe UI&#039;, Roboto, Oxygen-Sans, Ubuntu, Cantarell, &#039;Helvetica Neue&#039; ,sans-serif;--awb-text-font-style:normal;--awb-text-font-weight:400;\"><p style=\"text-align: center;\">EMPRESA<\/p>\n<\/div><div class=\"fusion-text fusion-text-2\" style=\"--awb-font-size:18px;--awb-text-font-family:-apple-system, BlinkMacSystemFont, &#039;Segoe UI&#039;, Roboto, Oxygen-Sans, Ubuntu, Cantarell, &#039;Helvetica Neue&#039; ,sans-serif;--awb-text-font-style:normal;--awb-text-font-weight:400;\"><p>En <b>key Software,<\/b> hemos creado un portafolio de soluciones para transformar la forma de hacer las cosas en PyMES y corporativo. Por ello, combinamos innovaci\u00f3n, inteligencia y nuestro profundo conocimiento de la industria con las tecnolog\u00edas de nuestro ecosistema de socios, brindando herramientas escalables, accesibles y personalizables para ayudar a reinventar su negocio en una empresa inteligente, garantizando la mejor relaci\u00f3n <b>costo-beneficio<\/b> para su empresa.<\/p>\n<\/div><\/div><\/div><\/div><\/div><div class=\"fusion-fullwidth fullwidth-box fusion-builder-row-2 fusion-flex-container has-pattern-background has-mask-background nonhundred-percent-fullwidth non-hundred-percent-height-scrolling\" style=\"--awb-border-radius-top-left:0px;--awb-border-radius-top-right:0px;--awb-border-radius-bottom-right:0px;--awb-border-radius-bottom-left:0px;--awb-flex-wrap:wrap;\" ><div class=\"fusion-builder-row fusion-row fusion-flex-align-items-flex-start fusion-flex-content-wrap\" style=\"max-width:1248px;margin-left: calc(-4% \/ 2 );margin-right: calc(-4% \/ 2 );\"><div class=\"fusion-layout-column fusion_builder_column fusion-builder-column-1 fusion_builder_column_1_1 1_1 fusion-flex-column\" style=\"--awb-bg-size:cover;--awb-width-large:100%;--awb-margin-top-large:0px;--awb-spacing-right-large:1.92%;--awb-margin-bottom-large:20px;--awb-spacing-left-large:1.92%;--awb-width-medium:100%;--awb-order-medium:0;--awb-spacing-right-medium:1.92%;--awb-spacing-left-medium:1.92%;--awb-width-small:100%;--awb-order-small:0;--awb-spacing-right-small:1.92%;--awb-spacing-left-small:1.92%;\"><div class=\"fusion-column-wrapper fusion-column-has-shadow fusion-flex-justify-content-flex-start fusion-content-layout-column\"><div class=\"fusion-image-carousel fusion-image-carousel-auto fusion-image-carousel-1\"><div class=\"awb-carousel awb-swiper awb-swiper-carousel awb-carousel--carousel awb-swiper-dots-position-bottom\" data-layout=\"carousel\" data-autoplay=\"no\" data-autoplayspeed=\"2500\" data-autoplaypause=\"no\" data-columns=\"4\" data-columnsmedium=\"1\" data-columnssmall=\"1\" data-itemmargin=\"19\" data-itemwidth=\"180\" data-touchscroll=\"no\" data-freemode=\"no\" data-imagesize=\"auto\" data-scrollitems=\"0\" data-centeredslides=\"no\" data-rotationangle=\"50\" data-depth=\"100\" data-speed=\"500\" data-shadow=\"no\" data-pagination=\"bullets\" style=\"--awb-columns:4;--awb-column-spacing:19px;\"><div class=\"swiper-wrapper awb-image-carousel-wrapper fusion-flex-align-items-center\"><div class=\"swiper-slide\"><div class=\"fusion-carousel-item-wrapper\"><div class=\"fusion-image-wrapper hover-type-none\"><img decoding=\"async\" width=\"250\" height=\"300\" src=\"https:\/\/www.keybps.net\/wp-content\/uploads\/2025\/03\/QualitySysCert_ISO9001_col-copy.png\" class=\"attachment-full size-full\" alt=\"\" srcset=\"https:\/\/www.keybps.net\/wp-content\/uploads\/2025\/03\/QualitySysCert_ISO9001_col-copy-200x240.png 200w, https:\/\/www.keybps.net\/wp-content\/uploads\/2025\/03\/QualitySysCert_ISO9001_col-copy.png 250w\" sizes=\"(min-width: 2200px) 100vw, (min-width: 856px) 286px, (min-width: 784px) 381px, (min-width: 712px) 572px, (min-width: 640px) 712px, \" \/><\/div><\/div><\/div><div class=\"swiper-slide\"><div class=\"fusion-carousel-item-wrapper\"><div class=\"fusion-image-wrapper hover-type-none\"><img decoding=\"async\" width=\"250\" height=\"300\" src=\"https:\/\/www.keybps.net\/wp-content\/uploads\/2025\/03\/ISO-2700-1.png\" class=\"attachment-full size-full\" alt=\"\" srcset=\"https:\/\/www.keybps.net\/wp-content\/uploads\/2025\/03\/ISO-2700-1-200x240.png 200w, https:\/\/www.keybps.net\/wp-content\/uploads\/2025\/03\/ISO-2700-1.png 250w\" sizes=\"(min-width: 2200px) 100vw, (min-width: 856px) 286px, (min-width: 784px) 381px, (min-width: 712px) 572px, (min-width: 640px) 712px, \" \/><\/div><\/div><\/div><div class=\"swiper-slide\"><div class=\"fusion-carousel-item-wrapper\"><div class=\"fusion-image-wrapper hover-type-none\"><img decoding=\"async\" width=\"130\" height=\"221\" src=\"https:\/\/www.keybps.net\/wp-content\/uploads\/2025\/03\/GPTW-2.png\" class=\"attachment-full size-full\" alt=\"\" \/><\/div><\/div><\/div><div class=\"swiper-slide\"><div class=\"fusion-carousel-item-wrapper\"><div class=\"fusion-image-wrapper hover-type-none\"><img decoding=\"async\" width=\"250\" height=\"300\" src=\"https:\/\/www.keybps.net\/wp-content\/uploads\/2025\/03\/ESR.png\" class=\"attachment-full size-full\" alt=\"\" srcset=\"https:\/\/www.keybps.net\/wp-content\/uploads\/2025\/03\/ESR-200x240.png 200w, https:\/\/www.keybps.net\/wp-content\/uploads\/2025\/03\/ESR.png 250w\" sizes=\"(min-width: 2200px) 100vw, (min-width: 856px) 286px, (min-width: 784px) 381px, (min-width: 712px) 572px, (min-width: 640px) 712px, \" \/><\/div><\/div><\/div><\/div><\/div><\/div><div class=\"fusion-text fusion-text-3\" style=\"--awb-font-size:18px;--awb-margin-top:-2%;--awb-text-font-family:-apple-system, BlinkMacSystemFont, &#039;Segoe UI&#039;, Roboto, Oxygen-Sans, Ubuntu, Cantarell, &#039;Helvetica Neue&#039; ,sans-serif;--awb-text-font-style:normal;--awb-text-font-weight:400;\"><h1 style=\"text-align: center;\">POLITICA DEL SISTEMA DE GESTION INTEGRAL<\/h1>\n<p>En keyBPS, <strong>t<\/strong><b>rabajamos para ser una empresa distribuidora mayorista, innovador de equipos de telecomunicaciones, redes, video vigilancia, y desarrollo de software. <\/b>Ofreciendo soluciones completas y productos de vanguardia, \u00fanicos y al mejor precio \/ rendimiento del mercado haciendo m\u00e1s eficiente la productividad de las empresas, incrementando la <b>satisfacci\u00f3n del cliente<\/b>.<\/p>\n<p>Conscientes de la necesidad de contar con Sistemas Normalizados de reconocimiento internacional, la organizaci\u00f3n ha alineado su Sistema de Gesti\u00f3n a las normas vigentes ISO 9001 de Gesti\u00f3n de Calidad e ISO\/IEC 27001 de Gesti\u00f3n de la Seguridad de la Informaci\u00f3n.<\/p>\n<p>Consideramos que los Sistemas de Gesti\u00f3n de Calidad y Seguridad de la Informaci\u00f3n tienen como objetivo principal: Planificar, establecer, implementar, operar, monitorear, revisar, mantener y mejorar los procesos de la organizaci\u00f3n para preservar la calidad de los servicios, as\u00ed como la confidencialidad, disponibilidad e integridad de la informaci\u00f3n; por ello la Direcci\u00f3n se compromete a liderar y mantener un sistema de gesti\u00f3n integral en las siguientes directrices:<\/p>\n<ol>\n<li>Brindar <b>servicios de calidad y con seguridad de la informaci\u00f3n<\/b> que satisfagan y superen las necesidades de nuestros clientes y partes interesadas.<\/li>\n<li>El compromiso de conocer las necesidades y expectativas de nuestros clientes y partes interesadas, para lograr su <b>satisfacci\u00f3n a trav\u00e9s de la mejora continua<\/b>,<span class=\"Apple-converted-space\">\u00a0 <\/span>estableciendo y verificando el cumplimiento de los objetivos y metas anuales.<\/li>\n<li>Cumpliendo con la <b>reglamentaci\u00f3n aplicable y legislaci\u00f3n<\/b> as\u00ed como de los requisitos que se suscriban.<\/li>\n<li>Ser una organizaci\u00f3n orientada a la <b>gesti\u00f3n por procesos y an\u00e1lisis de riesgos<\/b>.<\/li>\n<li>Implementar dentro de nuestros procesos y pol\u00edticas lineamientos de <b>responsabilidad social y corporativa<\/b> en donde se involucre la participaci\u00f3n y desarrollo de todos los integrantes de la compa\u00f1\u00eda.<\/li>\n<\/ol>\n<\/div><\/div><\/div><\/div><\/div><\/p>\n","protected":false},"excerpt":{"rendered":"","protected":false},"author":5,"featured_media":0,"parent":0,"menu_order":0,"comment_status":"closed","ping_status":"closed","template":"","meta":{"footnotes":""},"class_list":["post-5688","page","type-page","status-publish","hentry"],"_links":{"self":[{"href":"https:\/\/www.keybps.net\/es\/wp-json\/wp\/v2\/pages\/5688","targetHints":{"allow":["GET"]}}],"collection":[{"href":"https:\/\/www.keybps.net\/es\/wp-json\/wp\/v2\/pages"}],"about":[{"href":"https:\/\/www.keybps.net\/es\/wp-json\/wp\/v2\/types\/page"}],"author":[{"embeddable":true,"href":"https:\/\/www.keybps.net\/es\/wp-json\/wp\/v2\/users\/5"}],"replies":[{"embeddable":true,"href":"https:\/\/www.keybps.net\/es\/wp-json\/wp\/v2\/comments?post=5688"}],"version-history":[{"count":3,"href":"https:\/\/www.keybps.net\/es\/wp-json\/wp\/v2\/pages\/5688\/revisions"}],"predecessor-version":[{"id":6090,"href":"https:\/\/www.keybps.net\/es\/wp-json\/wp\/v2\/pages\/5688\/revisions\/6090"}],"wp:attachment":[{"href":"https:\/\/www.keybps.net\/es\/wp-json\/wp\/v2\/media?parent=5688"}],"curies":[{"name":"wp","href":"https:\/\/api.w.org\/{rel}","templated":true}]}}