{"id":101,"date":"2019-07-26T19:01:47","date_gmt":"2019-07-26T19:01:47","guid":{"rendered":"https:\/\/www.keybps.net\/?page_id=101"},"modified":"2019-07-26T19:19:23","modified_gmt":"2019-07-26T19:19:23","slug":"privacidad","status":"publish","type":"page","link":"https:\/\/www.keybps.net\/es\/privacidad","title":{"rendered":"Privacidad"},"content":{"rendered":"<div class=\"fusion-fullwidth fullwidth-box fusion-builder-row-1 nonhundred-percent-fullwidth non-hundred-percent-height-scrolling\" style=\"--awb-border-radius-top-left:0px;--awb-border-radius-top-right:0px;--awb-border-radius-bottom-right:0px;--awb-border-radius-bottom-left:0px;--awb-flex-wrap:wrap;\" ><div class=\"fusion-builder-row fusion-row\"><div class=\"fusion-layout-column fusion_builder_column fusion-builder-column-0 fusion_builder_column_1_1 1_1 fusion-one-full fusion-column-first fusion-column-last\" style=\"--awb-bg-size:cover;\"><div class=\"fusion-column-wrapper fusion-column-has-shadow fusion-flex-column-wrapper-legacy\"><div class=\"fusion-text fusion-text-1\"><h1>Pol\u00edtica de Privacidad<\/h1>\n<h2>Qui\u00e9nes somos<\/h2>\n<p>Key Business Process Solution S.A. de C.V. (\u00abkeyBPS\u00bb) somos el distribuidor mayorista m\u00e1s innovador de equipos de Telecomunicaciones, Redes y Video-vigilancia. Ofrecemos soluciones completas y productos de vanguardia, \u00fanicos y al mejor precio-rendimiento del mercado haciendo m\u00e1s eficiente la productividad de las empresas.<\/p>\n<p>Las direcciones de nuestra web son: https:\/\/www.keybps.com |\u00a0https:\/\/www.keybps.org |\u00a0https:\/\/www.keybps.net<\/p>\n<h2>Qu\u00e9 datos personales colectamos y por qu\u00e9<\/h2>\n<h3>Comentarios<\/h3>\n<p>Cuando los visitantes dejan comentarios en la web, recopilamos los datos que se muestran en el formulario de comentarios, as\u00ed como la direcci\u00f3n IP del visitante y la cadena de agentes de usuario del navegador para ayudar a la detecci\u00f3n de spam.<\/p>\n<p>Una cadena an\u00f3nima creada a partir de tu direcci\u00f3n de correo electr\u00f3nico (tambi\u00e9n llamada hash) puede ser proporcionada al servicio de Gravatar para ver si la est\u00e1s usando. La pol\u00edtica de privacidad del servicio Gravatar est\u00e1 disponible aqu\u00ed: https:\/\/automattic.com\/privacy\/. Despu\u00e9s de la aprobaci\u00f3n de tu comentario, la imagen de tu perfil es visible para el p\u00fablico en el contexto de su comentario.<\/p>\n<h3>Medios<\/h3>\n<p>Si subes im\u00e1genes a la web deber\u00edas evitar subir im\u00e1genes con datos de ubicaci\u00f3n (GPS EXIF) incluidos. Los visitantes de la web pueden descargar y extraer cualquier dato de localizaci\u00f3n de las im\u00e1genes de la web.<\/p>\n<h3>Formularios de contacto<\/h3>\n<p>Datos Personales que introduzca en el pedido o en el formulario de registro generalmente un subconjunto de su nombre, correo electr\u00f3nico, n\u00famero de tel\u00e9fono, nombre y direcci\u00f3n de empresa, su cargo y rol. En caso de realizar alg\u00fan pago a keyBPS, el n\u00famero de la tarjeta de cr\u00e9dito o los datos bancarios, \u00fanicamente para procesar su pedido, o para suministrar los art\u00edculos o servicios solicitados. Esto puede incluir dar los pasos necesarios antes de formalizar el contrato, responder a sus consultas relacionadas con el mismo, proporcionarle informaci\u00f3n sobre el env\u00edo y la facturaci\u00f3n, y procesar o proporcionar opiniones de clientes y soporte. Asimismo, tambi\u00e9n puede incluir datos de formularios de contacto, correos electr\u00f3nicos o tel\u00e9fono. En esta Pol\u00edtica de Privacidad, \u00abart\u00edculos y servicios\u00bb incluye servicios Web, ofertas, concursos, sorteos, otro contenido, boletines informativos no relacionados con campa\u00f1as de marketing, documentos t\u00e9cnicos, tutoriales, formaciones y eventos de keyBPS.<\/p>\n<h3>Cookies<\/h3>\n<p>Si dejas un comentario en nuestro sitio puedes elegir guardar tu nombre, direcci\u00f3n de correo electr\u00f3nico y web en cookies. Esto es para tu comodidad, para que no tengas que volver a rellenar tus datos cuando dejes otro comentario. Estas cookies tendr\u00e1n una duraci\u00f3n de un a\u00f1o.<\/p>\n<p>Si tienes una cuenta y te conectas a este sitio, instalaremos una cookie temporal para determinar si tu navegador acepta cookies. Esta cookie no contiene datos personales y se elimina al cerrar el navegador.<\/p>\n<p>Cuando inicias sesi\u00f3n, tambi\u00e9n instalaremos varias cookies para guardar tu informaci\u00f3n de inicio de sesi\u00f3n y tus opciones de visualizaci\u00f3n de pantalla. Las cookies de inicio de sesi\u00f3n duran dos d\u00edas, y las cookies de opciones de pantalla duran un a\u00f1o. Si seleccionas \u00abRecordarme\u00bb, tu inicio de sesi\u00f3n perdurar\u00e1 durante dos semanas. Si sales de tu cuenta, las cookies de inicio de sesi\u00f3n se eliminar\u00e1n.<\/p>\n<p>Si editas o publicas un art\u00edculo se guardar\u00e1 una cookie adicional en tu navegador. Esta cookie no incluye datos personales y simplemente indica el ID del art\u00edculo que acabas de editar. Caduca despu\u00e9s de 1 d\u00eda.<\/p>\n<h3>Contenido incrustado de otros sitios web<\/h3>\n<p>Los art\u00edculos de este sitio pueden incluir contenido incrustado (por ejemplo, v\u00eddeos, im\u00e1genes, art\u00edculos, etc.). El contenido incrustado de otras web se comporta exactamente de la misma manera que si el visitante hubiera visitado la otra web.<\/p>\n<p>Estas web pueden recopilar datos sobre ti, utilizar cookies, incrustar un seguimiento adicional de terceros, y supervisar tu interacci\u00f3n con ese contenido incrustado, incluido el seguimiento de su interacci\u00f3n con el contenido incrustado si tienes una cuenta y est\u00e1s conectado a esa web.<\/p>\n<h3>Anal\u00edtica<\/h3>\n<h2>Con qui\u00e9n compartimos tus datos<\/h2>\n<p>No compartimos tus datos personales obtenido por la pagina web.<\/p>\n<h2>Cu\u00e1nto tiempo conservamos tus datos<\/h2>\n<p>Si dejas un comentario, el comentario y sus metadatos se conservan indefinidamente. Esto es para que podamos reconocer y aprobar comentarios sucesivos autom\u00e1ticamente en lugar de mantenerlos en una cola de moderaci\u00f3n.<\/p>\n<p>De los usuarios que se registran en nuestra web (si los hay), tambi\u00e9n almacenamos la informaci\u00f3n personal que proporcionan en su perfil de usuario. Todos los usuarios pueden ver, editar o eliminar su informaci\u00f3n personal en cualquier momento (excepto que no pueden cambiar su nombre de usuario). Los administradores de la web tambi\u00e9n pueden ver y editar esa informaci\u00f3n.<\/p>\n<h2>Qu\u00e9 derechos tienes sobre tus datos<\/h2>\n<p>Si tienes una cuenta o has dejado comentarios en esta web, puedes solicitar recibir un archivo de exportaci\u00f3n de los datos personales que tenemos sobre ti, incluyendo cualquier dato que nos hayas proporcionado. Tambi\u00e9n puedes solicitar que eliminemos cualquier dato personal que tengamos sobre ti. Esto no incluye ning\u00fan dato que estemos obligados a conservar con fines administrativos, legales o de seguridad.<\/p>\n<h2>D\u00f3nde enviamos tus datos<\/h2>\n<p>Los comentarios de los visitantes puede que los revise un servicio de detecci\u00f3n autom\u00e1tica de spam.<\/p>\n<h2>Tu informaci\u00f3n de contacto<\/h2>\n<p>\u00c1rea de Protecci\u00f3n de Datos Personales, ubicado en CERRO DE LAS CAMPANAS 3, INTERIOR 417, SAN ANDRES ATENCO, C.P. 54040, TLALNEPANTLA, ESTADO DE MEXICO, o bien, se comunique al tel\u00e9fono +52 55 24873000 o v\u00eda correo electr\u00f3nico a derechos.privacidad@keybps.com, el cual solicitamos confirme v\u00eda telef\u00f3nica para garantizar su correcta recepci\u00f3n.<\/p>\n<h3><a href=\"https:\/\/www.keybps.com\/wp-content\/uploads\/2019\/01\/2019_Aviso_Privacidad.pdf\">Aviso de Privacidad<\/a><\/h3>\n<h3><a href=\"https:\/\/www.keybps.com\/wp-content\/uploads\/2019\/01\/2019-ARCO.pdf\">Formato ARCO<\/a><\/h3>\n<\/div><div class=\"fusion-clearfix\"><\/div><\/div><\/div><\/div><\/div>\n","protected":false},"excerpt":{"rendered":"","protected":false},"author":1,"featured_media":0,"parent":0,"menu_order":0,"comment_status":"closed","ping_status":"closed","template":"","meta":{"footnotes":""},"class_list":["post-101","page","type-page","status-publish","hentry"],"_links":{"self":[{"href":"https:\/\/www.keybps.net\/es\/wp-json\/wp\/v2\/pages\/101","targetHints":{"allow":["GET"]}}],"collection":[{"href":"https:\/\/www.keybps.net\/es\/wp-json\/wp\/v2\/pages"}],"about":[{"href":"https:\/\/www.keybps.net\/es\/wp-json\/wp\/v2\/types\/page"}],"author":[{"embeddable":true,"href":"https:\/\/www.keybps.net\/es\/wp-json\/wp\/v2\/users\/1"}],"replies":[{"embeddable":true,"href":"https:\/\/www.keybps.net\/es\/wp-json\/wp\/v2\/comments?post=101"}],"version-history":[{"count":2,"href":"https:\/\/www.keybps.net\/es\/wp-json\/wp\/v2\/pages\/101\/revisions"}],"predecessor-version":[{"id":104,"href":"https:\/\/www.keybps.net\/es\/wp-json\/wp\/v2\/pages\/101\/revisions\/104"}],"wp:attachment":[{"href":"https:\/\/www.keybps.net\/es\/wp-json\/wp\/v2\/media?parent=101"}],"curies":[{"name":"wp","href":"https:\/\/api.w.org\/{rel}","templated":true}]}}