{"id":6100,"date":"2025-03-20T20:03:06","date_gmt":"2025-03-20T20:03:06","guid":{"rendered":"https:\/\/www.keybps.net\/unternehmen"},"modified":"2025-03-20T21:25:16","modified_gmt":"2025-03-20T21:25:16","slug":"unternehmen","status":"publish","type":"page","link":"https:\/\/www.keybps.net\/de\/unternehmen","title":{"rendered":"Unternehmen"},"content":{"rendered":"<p><div class=\"fusion-fullwidth fullwidth-box fusion-builder-row-1 fusion-flex-container has-pattern-background has-mask-background nonhundred-percent-fullwidth non-hundred-percent-height-scrolling\" style=\"--awb-border-radius-top-left:0px;--awb-border-radius-top-right:0px;--awb-border-radius-bottom-right:0px;--awb-border-radius-bottom-left:0px;--awb-flex-wrap:wrap;\" ><div class=\"fusion-builder-row fusion-row fusion-flex-align-items-flex-start fusion-flex-content-wrap\" style=\"max-width:1144px;margin-left: calc(-4% \/ 2 );margin-right: calc(-4% \/ 2 );\"><div class=\"fusion-layout-column fusion_builder_column fusion-builder-column-0 fusion_builder_column_1_1 1_1 fusion-flex-column\" style=\"--awb-bg-size:cover;--awb-width-large:100%;--awb-margin-top-large:0px;--awb-spacing-right-large:1.92%;--awb-margin-bottom-large:20px;--awb-spacing-left-large:1.92%;--awb-width-medium:100%;--awb-order-medium:0;--awb-spacing-right-medium:1.92%;--awb-spacing-left-medium:1.92%;--awb-width-small:100%;--awb-order-small:0;--awb-spacing-right-small:1.92%;--awb-spacing-left-small:1.92%;\"><div class=\"fusion-column-wrapper fusion-column-has-shadow fusion-flex-justify-content-flex-start fusion-content-layout-column\"><div class=\"fusion-text fusion-text-1\" style=\"--awb-content-alignment:center;--awb-font-size:42px;--awb-text-color:#747474;--awb-text-font-family:-apple-system, BlinkMacSystemFont, &#039;Segoe UI&#039;, Roboto, Oxygen-Sans, Ubuntu, Cantarell, &#039;Helvetica Neue&#039; ,sans-serif;--awb-text-font-style:normal;--awb-text-font-weight:400;\"><h2 style=\"text-align: center;\">Unternehmen<\/h2>\n<\/div><div class=\"fusion-text fusion-text-2\" style=\"--awb-font-size:18px;--awb-text-color:#747474;--awb-text-font-family:-apple-system, BlinkMacSystemFont, &#039;Segoe UI&#039;, Roboto, Oxygen-Sans, Ubuntu, Cantarell, &#039;Helvetica Neue&#039; ,sans-serif;--awb-text-font-style:normal;--awb-text-font-weight:400;\"><p>Bei <b>key Software<\/b> haben wir ein Portfolio von L\u00f6sungen entwickelt, um die Art und Weise, wie wir Dinge in KMU und Unternehmen tun, zu ver\u00e4ndern. Aus diesem Grund kombinieren wir Innovation, Intelligenz und unser fundiertes Branchenwissen mit den Technologien unseres Partner-\u00d6kosystems und bieten skalierbare, zug\u00e4ngliche und anpassbare Tools, die Ihnen helfen, Ihr Unternehmen in einem intelligenten Unternehmen neu zu erfinden und das beste <b>Kosten-Nutzen-Verh\u00e4ltnis<\/b> f\u00fcr Ihr Unternehmen zu gew\u00e4hrleisten.<\/p>\n<\/div><\/div><\/div><\/div><\/div><div class=\"fusion-fullwidth fullwidth-box fusion-builder-row-2 fusion-flex-container has-pattern-background has-mask-background nonhundred-percent-fullwidth non-hundred-percent-height-scrolling\" style=\"--awb-border-radius-top-left:0px;--awb-border-radius-top-right:0px;--awb-border-radius-bottom-right:0px;--awb-border-radius-bottom-left:0px;--awb-flex-wrap:wrap;\" ><div class=\"fusion-builder-row fusion-row fusion-flex-align-items-flex-start fusion-flex-content-wrap\" style=\"max-width:1144px;margin-left: calc(-4% \/ 2 );margin-right: calc(-4% \/ 2 );\"><div class=\"fusion-layout-column fusion_builder_column fusion-builder-column-1 fusion_builder_column_1_1 1_1 fusion-flex-column\" style=\"--awb-bg-size:cover;--awb-width-large:100%;--awb-margin-top-large:0px;--awb-spacing-right-large:1.92%;--awb-margin-bottom-large:20px;--awb-spacing-left-large:1.92%;--awb-width-medium:100%;--awb-order-medium:0;--awb-spacing-right-medium:1.92%;--awb-spacing-left-medium:1.92%;--awb-width-small:100%;--awb-order-small:0;--awb-spacing-right-small:1.92%;--awb-spacing-left-small:1.92%;\"><div class=\"fusion-column-wrapper fusion-column-has-shadow fusion-flex-justify-content-flex-start fusion-content-layout-column\"><div class=\"fusion-image-carousel fusion-image-carousel-auto fusion-image-carousel-1\"><div class=\"awb-carousel awb-swiper awb-swiper-carousel awb-carousel--carousel awb-swiper-dots-position-bottom\" data-layout=\"carousel\" data-autoplay=\"no\" data-autoplayspeed=\"2500\" data-autoplaypause=\"no\" data-columns=\"4\" data-columnsmedium=\"1\" data-columnssmall=\"1\" data-itemmargin=\"19\" data-itemwidth=\"180\" data-touchscroll=\"no\" data-freemode=\"no\" data-imagesize=\"auto\" data-scrollitems=\"0\" data-centeredslides=\"no\" data-rotationangle=\"50\" data-depth=\"100\" data-speed=\"500\" data-shadow=\"no\" data-pagination=\"bullets\" style=\"--awb-columns:4;--awb-column-spacing:19px;\"><div class=\"swiper-wrapper awb-image-carousel-wrapper fusion-flex-align-items-center\"><div class=\"swiper-slide\"><div class=\"fusion-carousel-item-wrapper\"><div class=\"fusion-image-wrapper hover-type-none\"><img decoding=\"async\" width=\"250\" height=\"300\" src=\"https:\/\/www.keybps.net\/wp-content\/uploads\/2025\/03\/QualitySysCert_ISO9001_col-copy.png\" class=\"attachment-full size-full\" alt=\"\" srcset=\"https:\/\/www.keybps.net\/wp-content\/uploads\/2025\/03\/QualitySysCert_ISO9001_col-copy-200x240.png 200w, https:\/\/www.keybps.net\/wp-content\/uploads\/2025\/03\/QualitySysCert_ISO9001_col-copy.png 250w\" sizes=\"(min-width: 2200px) 100vw, (min-width: 856px) 261px, (min-width: 784px) 348px, (min-width: 712px) 522px, (min-width: 640px) 712px, \" \/><\/div><\/div><\/div><div class=\"swiper-slide\"><div class=\"fusion-carousel-item-wrapper\"><div class=\"fusion-image-wrapper hover-type-none\"><img decoding=\"async\" width=\"250\" height=\"300\" src=\"https:\/\/www.keybps.net\/wp-content\/uploads\/2025\/03\/ISO-2700-1.png\" class=\"attachment-full size-full\" alt=\"\" srcset=\"https:\/\/www.keybps.net\/wp-content\/uploads\/2025\/03\/ISO-2700-1-200x240.png 200w, https:\/\/www.keybps.net\/wp-content\/uploads\/2025\/03\/ISO-2700-1.png 250w\" sizes=\"(min-width: 2200px) 100vw, (min-width: 856px) 261px, (min-width: 784px) 348px, (min-width: 712px) 522px, (min-width: 640px) 712px, \" \/><\/div><\/div><\/div><div class=\"swiper-slide\"><div class=\"fusion-carousel-item-wrapper\"><div class=\"fusion-image-wrapper hover-type-none\"><img decoding=\"async\" width=\"130\" height=\"221\" src=\"https:\/\/www.keybps.net\/wp-content\/uploads\/2025\/03\/GPTW-2.png\" class=\"attachment-full size-full\" alt=\"\" \/><\/div><\/div><\/div><div class=\"swiper-slide\"><div class=\"fusion-carousel-item-wrapper\"><div class=\"fusion-image-wrapper hover-type-none\"><img decoding=\"async\" width=\"250\" height=\"300\" src=\"https:\/\/www.keybps.net\/wp-content\/uploads\/2025\/03\/ESR.png\" class=\"attachment-full size-full\" alt=\"\" srcset=\"https:\/\/www.keybps.net\/wp-content\/uploads\/2025\/03\/ESR-200x240.png 200w, https:\/\/www.keybps.net\/wp-content\/uploads\/2025\/03\/ESR.png 250w\" sizes=\"(min-width: 2200px) 100vw, (min-width: 856px) 261px, (min-width: 784px) 348px, (min-width: 712px) 522px, (min-width: 640px) 712px, \" \/><\/div><\/div><\/div><\/div><\/div><\/div><div class=\"fusion-text fusion-text-3\" style=\"--awb-font-size:18px;--awb-text-color:#747474;--awb-margin-top:-2%;--awb-text-font-family:-apple-system, BlinkMacSystemFont, &#039;Segoe UI&#039;, Roboto, Oxygen-Sans, Ubuntu, Cantarell, &#039;Helvetica Neue&#039; ,sans-serif;--awb-text-font-style:normal;--awb-text-font-weight:400;\"><h3 style=\"text-align: center;\">POLITIK DES UMFASSENDEN MANAGEMENTSYSTEMS<\/h3>\n<p>Bei keyBPS <strong>a<\/strong><b>rbeiten wir daran, ein Gro\u00dfhandelsvertriebsunternehmen zu sein, innovativ f\u00fcr Telekommunikationsger\u00e4te, Netzwerke, Video\u00fcberwachung und Softwareentwicklung.<\/b> Bieten Sie Komplettl\u00f6sungen und hochmoderne Produkte, die einzigartig und zum besten Preis \/ Leistung auf dem Markt sind, um die Produktivit\u00e4t von Unternehmen effizienter zu machen und die <b>Kundenzufriedenheit zu steigern.<\/b><\/p>\n<p>Im Bewusstsein der Notwendigkeit international anerkannter standardisierter Systeme hat die Organisation ihr Managementsystem an den geltenden Normen ISO 9001 f\u00fcr Qualit\u00e4tsmanagement und ISO\/IEC 27001 f\u00fcr Informationssicherheitsmanagement ausgerichtet.<\/p>\n<p>Wir sind der Ansicht, dass die Qualit\u00e4ts- und Informationssicherheitsmanagementsysteme als Hauptziel sind: Planung, Einrichtung, Implementierung, Betrieb, \u00dcberwachung, \u00dcberpr\u00fcfung, Wartung und Verbesserung der Prozesse der Organisation, um die Qualit\u00e4t der Dienstleistungen sowie die Vertraulichkeit, Verf\u00fcgbarkeit und Integrit\u00e4t der Informationen zu erhalten; Aus diesem Grund verpflichtet sich die Direktion, ein umfassendes Managementsystem in den folgenden Richtlinien zu leiten und aufrechtzuerhalten:<\/p>\n<ol>\n<li>Bereitstellung <b>hochwertiger und informationssicherer Dienstleistungen<\/b>, die die Bed\u00fcrfnisse unserer Kunden und Interessengruppen erf\u00fcllen und \u00fcbertreffen.<\/li>\n<li>Die Verpflichtung, die Bed\u00fcrfnisse und Erwartungen unserer Kunden und Stakeholder zu kennen, um ihre Zufriedenheit durch <b>kontinuierliche Verbesserung zu erreichen<\/b><span class=\"Apple-converted-space\">, <\/span>indem wir die Einhaltung der j\u00e4hrlichen Ziele und Vorgaben festlegen und \u00fcberpr\u00fcfen.<\/li>\n<li>In \u00dcbereinstimmung mit den <b>geltenden Vorschriften und Gesetzen<\/b> sowie den Anforderungen, die unterzeichnet werden.<\/li>\n<li>Eine auf <b>Prozessmanagement und Risikoanalyse<\/b> ausgerichtete Organisation zu sein.<\/li>\n<li>Umsetzung von Richtlinien zur <b>sozialen und unternehmerischen Verantwortung<\/b> innerhalb unserer Prozesse und Richtlinien, die die Beteiligung und Entwicklung aller Mitglieder des Unternehmens beinhalten.<\/li>\n<\/ol>\n<\/div><\/div><\/div><\/div><\/div><\/p>\n","protected":false},"excerpt":{"rendered":"","protected":false},"author":5,"featured_media":0,"parent":0,"menu_order":0,"comment_status":"closed","ping_status":"closed","template":"","meta":{"footnotes":""},"class_list":["post-6100","page","type-page","status-publish","hentry"],"_links":{"self":[{"href":"https:\/\/www.keybps.net\/de\/wp-json\/wp\/v2\/pages\/6100","targetHints":{"allow":["GET"]}}],"collection":[{"href":"https:\/\/www.keybps.net\/de\/wp-json\/wp\/v2\/pages"}],"about":[{"href":"https:\/\/www.keybps.net\/de\/wp-json\/wp\/v2\/types\/page"}],"author":[{"embeddable":true,"href":"https:\/\/www.keybps.net\/de\/wp-json\/wp\/v2\/users\/5"}],"replies":[{"embeddable":true,"href":"https:\/\/www.keybps.net\/de\/wp-json\/wp\/v2\/comments?post=6100"}],"version-history":[{"count":4,"href":"https:\/\/www.keybps.net\/de\/wp-json\/wp\/v2\/pages\/6100\/revisions"}],"predecessor-version":[{"id":6106,"href":"https:\/\/www.keybps.net\/de\/wp-json\/wp\/v2\/pages\/6100\/revisions\/6106"}],"wp:attachment":[{"href":"https:\/\/www.keybps.net\/de\/wp-json\/wp\/v2\/media?parent=6100"}],"curies":[{"name":"wp","href":"https:\/\/api.w.org\/{rel}","templated":true}]}}